{"id":846,"date":"2025-09-23T19:13:37","date_gmt":"2025-09-23T19:13:37","guid":{"rendered":"https:\/\/impuls-akademie.org\/?page_id=846"},"modified":"2025-12-14T16:15:48","modified_gmt":"2025-12-14T16:15:48","slug":"ausblick","status":"publish","type":"page","link":"https:\/\/impuls-akademie.org\/en\/ausblick\/","title":{"rendered":"Ausblick"},"content":{"rendered":"<p>Die Impuls Akademie findet ein Mal im Jahr, meist im Fr\u00fchjahr (M\u00e4rz\/April) statt. Im <strong><a href=\"https:\/\/impuls-akademie.org\/en\/archiv\/\">Archiv<\/a><\/strong> findest du Informationen und R\u00fcckschauen der vergangenen Jahre.\u00a0<\/p>\n\n\n\n<p>Ressourcen, die die vergangenen Kurstrainer:innen zur Verf\u00fcgung gestellt haben, findest du unter <strong><a href=\"https:\/\/impuls-akademie.org\/en\/ressourcen\/\">Ressourcen<\/a><\/strong>.&nbsp;<\/p>\n\n\n\n<p>Derzeit stecken wir in der Planung der n\u00e4chsten Akademie, k\u00f6nnen aber noch nichts verraten. Wir bitten um etwas Geduld. Aber keine Sorge, wir kommen wieder!<\/p>\n\n\n\n<p>Um wichtige Updates nicht zu verpassen, kannst du \u2026<\/p>\n\n\n\n<div class=\"wp-block-columns is-layout-flex wp-container-core-columns-is-layout-9d6595d7 wp-block-columns-is-layout-flex\">\n<div class=\"wp-block-column is-layout-flow wp-block-column-is-layout-flow\">\n<figure class=\"wp-block-image size-large\"><a href=\"https:\/\/11a4e2a5.sibforms.com\/serve\/MUIFAEbx6FBTiR8PxVwS4VFjNQMuN10MvTVUlash2eFsOvIFqzeRpU7jHJGavPRGIDC4TyBryhHrrsufLqs9yJWU9I44CzRcuGVMfCD3J9WRg6edyuEXO-701dDRmemOcGpcTXfOLJNDU4ekGXWgP-U8XNriXdQtQkiChfAVtJWo00-_ZNWd9H5sSZ3j35tu47Vt3JuYkdvFMrIg\"><img loading=\"lazy\" decoding=\"async\" width=\"1024\" height=\"1024\" src=\"https:\/\/impuls-akademie.org\/wp-content\/uploads\/2024\/11\/mega-bunt-1024x1024.png\" alt=\"\" class=\"wp-image-439\" srcset=\"https:\/\/impuls-akademie.org\/wp-content\/uploads\/2024\/11\/mega-bunt-1024x1024.png 1024w, https:\/\/impuls-akademie.org\/wp-content\/uploads\/2024\/11\/mega-bunt-150x150.png 150w, https:\/\/impuls-akademie.org\/wp-content\/uploads\/2024\/11\/mega-bunt-300x300.png 300w, https:\/\/impuls-akademie.org\/wp-content\/uploads\/2024\/11\/mega-bunt-768x768.png 768w, https:\/\/impuls-akademie.org\/wp-content\/uploads\/2024\/11\/mega-bunt.png 1080w, https:\/\/impuls-akademie.org\/wp-content\/uploads\/2024\/11\/mega-bunt-12x12.png 12w, https:\/\/impuls-akademie.org\/wp-content\/uploads\/2024\/11\/mega-bunt-800x800.png 800w\" sizes=\"auto, (max-width: 1024px) 100vw, 1024px\" \/><\/a><\/figure>\n\n\n\n<p>&#8230; dich f\u00fcr den <a href=\"https:\/\/11a4e2a5.sibforms.com\/serve\/MUIFAEbx6FBTiR8PxVwS4VFjNQMuN10MvTVUlash2eFsOvIFqzeRpU7jHJGavPRGIDC4TyBryhHrrsufLqs9yJWU9I44CzRcuGVMfCD3J9WRg6edyuEXO-701dDRmemOcGpcTXfOLJNDU4ekGXWgP-U8XNriXdQtQkiChfAVtJWo00-_ZNWd9H5sSZ3j35tu47Vt3JuYkdvFMrIg\">Newsletter registrieren<\/a>.<\/p>\n<\/div>\n\n\n\n<div class=\"wp-block-column is-layout-flow wp-block-column-is-layout-flow\">\n<figure class=\"wp-block-image size-large\"><a href=\"https:\/\/www.instagram.com\/impuls_akademie\/\"><img decoding=\"async\" src=\"https:\/\/impuls-akademie.org\/wp-content\/uploads\/2024\/11\/bubble-bunt-1024x1024.png\" alt=\"\" class=\"wp-image-428\"\/><\/a><\/figure>\n\n\n\n<p>&#8230; uns <a href=\"https:\/\/www.instagram.com\/impuls_akademie\/\">auf Instagram folgen<\/a>. <\/p>\n<\/div>\n<\/div>\n\n\n\n<p>Wenn du f\u00fcr deine Organisation ein Training, eine Moderation oder sonstige Unterst\u00fctzung brauchst, kannst du uns jederzeit ein Mail schreiben, oder du wendest dich an unsere Tr\u00e4ger-Organisationen:<\/p>\n\n\n\n<div class=\"wp-block-columns is-layout-flex wp-container-core-columns-is-layout-9d6595d7 wp-block-columns-is-layout-flex\">\n<div class=\"wp-block-column is-layout-flow wp-block-column-is-layout-flow\">\n<figure class=\"wp-block-image size-large\"><a href=\"https:\/\/humus.live\/\"><img loading=\"lazy\" decoding=\"async\" width=\"1024\" height=\"1024\" src=\"https:\/\/impuls-akademie.org\/wp-content\/uploads\/2024\/12\/humus1-1024x1024.png\" alt=\"\" class=\"wp-image-516\" srcset=\"https:\/\/impuls-akademie.org\/wp-content\/uploads\/2024\/12\/humus1-1024x1024.png 1024w, https:\/\/impuls-akademie.org\/wp-content\/uploads\/2024\/12\/humus1-150x150.png 150w, https:\/\/impuls-akademie.org\/wp-content\/uploads\/2024\/12\/humus1-300x300.png 300w, https:\/\/impuls-akademie.org\/wp-content\/uploads\/2024\/12\/humus1-768x768.png 768w, https:\/\/impuls-akademie.org\/wp-content\/uploads\/2024\/12\/humus1.png 1080w, https:\/\/impuls-akademie.org\/wp-content\/uploads\/2024\/12\/humus1-12x12.png 12w, https:\/\/impuls-akademie.org\/wp-content\/uploads\/2024\/12\/humus1-800x800.png 800w\" sizes=\"auto, (max-width: 1024px) 100vw, 1024px\" \/><\/a><\/figure>\n<\/div>\n\n\n\n<div class=\"wp-block-column is-layout-flow wp-block-column-is-layout-flow\">\n<figure class=\"wp-block-image size-large\"><a href=\"https:\/\/radius.co.at\/\"><img loading=\"lazy\" decoding=\"async\" width=\"1024\" height=\"1024\" src=\"https:\/\/impuls-akademie.org\/wp-content\/uploads\/2024\/12\/radius1-1024x1024.png\" alt=\"\" class=\"wp-image-517\" srcset=\"https:\/\/impuls-akademie.org\/wp-content\/uploads\/2024\/12\/radius1-1024x1024.png 1024w, https:\/\/impuls-akademie.org\/wp-content\/uploads\/2024\/12\/radius1-150x150.png 150w, https:\/\/impuls-akademie.org\/wp-content\/uploads\/2024\/12\/radius1-300x300.png 300w, https:\/\/impuls-akademie.org\/wp-content\/uploads\/2024\/12\/radius1-768x768.png 768w, https:\/\/impuls-akademie.org\/wp-content\/uploads\/2024\/12\/radius1.png 1080w, https:\/\/impuls-akademie.org\/wp-content\/uploads\/2024\/12\/radius1-12x12.png 12w, https:\/\/impuls-akademie.org\/wp-content\/uploads\/2024\/12\/radius1-800x800.png 800w\" sizes=\"auto, (max-width: 1024px) 100vw, 1024px\" \/><\/a><\/figure>\n<\/div>\n<\/div>","protected":false},"excerpt":{"rendered":"<p>Die Impuls Akademie findet ein Mal im Jahr, meist im Fr\u00fchjahr (M\u00e4rz\/April) statt. Im Archiv findest du Informationen und R\u00fcckschauen der vergangenen Jahre.\u00a0 Ressourcen, die die vergangenen Kurstrainer:innen zur Verf\u00fcgung gestellt haben, findest du unter Ressourcen.&nbsp; Derzeit stecken wir in der Planung der n\u00e4chsten Akademie, k\u00f6nnen aber noch nichts verraten. Wir bitten um etwas Geduld. [&hellip;]<\/p>\n","protected":false},"author":2,"featured_media":869,"parent":0,"menu_order":0,"comment_status":"closed","ping_status":"closed","template":"","meta":{"_acf_changed":false,"footnotes":""},"class_list":["post-846","page","type-page","status-publish","has-post-thumbnail","hentry"],"acf":[],"_links":{"self":[{"href":"https:\/\/impuls-akademie.org\/en\/wp-json\/wp\/v2\/pages\/846","targetHints":{"allow":["GET"]}}],"collection":[{"href":"https:\/\/impuls-akademie.org\/en\/wp-json\/wp\/v2\/pages"}],"about":[{"href":"https:\/\/impuls-akademie.org\/en\/wp-json\/wp\/v2\/types\/page"}],"author":[{"embeddable":true,"href":"https:\/\/impuls-akademie.org\/en\/wp-json\/wp\/v2\/users\/2"}],"replies":[{"embeddable":true,"href":"https:\/\/impuls-akademie.org\/en\/wp-json\/wp\/v2\/comments?post=846"}],"version-history":[{"count":4,"href":"https:\/\/impuls-akademie.org\/en\/wp-json\/wp\/v2\/pages\/846\/revisions"}],"predecessor-version":[{"id":929,"href":"https:\/\/impuls-akademie.org\/en\/wp-json\/wp\/v2\/pages\/846\/revisions\/929"}],"wp:featuredmedia":[{"embeddable":true,"href":"https:\/\/impuls-akademie.org\/en\/wp-json\/wp\/v2\/media\/869"}],"wp:attachment":[{"href":"https:\/\/impuls-akademie.org\/en\/wp-json\/wp\/v2\/media?parent=846"}],"curies":[{"name":"wp","href":"https:\/\/api.w.org\/{rel}","templated":true}]}}