{"id":768,"date":"2025-03-18T12:20:52","date_gmt":"2025-03-18T12:20:52","guid":{"rendered":"https:\/\/impuls-akademie.org\/?page_id=768"},"modified":"2026-01-07T16:24:40","modified_gmt":"2026-01-07T16:24:40","slug":"veranstaltungen","status":"publish","type":"page","link":"https:\/\/impuls-akademie.org\/en\/veranstaltungen\/","title":{"rendered":"Veranstaltungen"},"content":{"rendered":"<div class=\"wp-block-columns is-layout-flex wp-container-core-columns-is-layout-9d6595d7 wp-block-columns-is-layout-flex\">\n<div class=\"wp-block-column is-layout-flow wp-block-column-is-layout-flow\">\n<p>Immer wieder brennt es uns so sehr unter den N\u00e4geln, dass wir die n\u00e4chste Impuls Akademie nicht erwarten k\u00f6nnen! Daher gibt es immer wieder Workshops, Vortr\u00e4ge, etc., die wir organisieren.&nbsp;<\/p>\n\n\n\n<p>Alle vergangen Veranstaltungen, findest du im <strong><a href=\"https:\/\/impuls-akademie.org\/en\/archiv\/\">Archiv<\/a><\/strong>.&nbsp;<\/p>\n\n\n\n<p>Hier findest du Infos zu den kommenden Veranstaltungen.&nbsp;<\/p>\n\n\n\n<p><\/p>\n\n\n\n<p><\/p>\n<\/div>\n\n\n\n<div class=\"wp-block-column is-layout-flow wp-block-column-is-layout-flow\">\n<figure class=\"wp-block-image size-large\"><img loading=\"lazy\" decoding=\"async\" width=\"1024\" height=\"771\" src=\"https:\/\/impuls-akademie.org\/wp-content\/uploads\/2024\/09\/54492071680-82955084e2-k-1024x771.jpg\" alt=\"\" class=\"wp-image-854\" srcset=\"https:\/\/impuls-akademie.org\/wp-content\/uploads\/2024\/09\/54492071680-82955084e2-k-1024x771.jpg 1024w, https:\/\/impuls-akademie.org\/wp-content\/uploads\/2024\/09\/54492071680-82955084e2-k-300x226.jpg 300w, https:\/\/impuls-akademie.org\/wp-content\/uploads\/2024\/09\/54492071680-82955084e2-k-768x578.jpg 768w, https:\/\/impuls-akademie.org\/wp-content\/uploads\/2024\/09\/54492071680-82955084e2-k-1536x1157.jpg 1536w, https:\/\/impuls-akademie.org\/wp-content\/uploads\/2024\/09\/54492071680-82955084e2-k.jpg 2048w, https:\/\/impuls-akademie.org\/wp-content\/uploads\/2024\/09\/54492071680-82955084e2-k-16x12.jpg 16w\" sizes=\"auto, (max-width: 1024px) 100vw, 1024px\" \/><figcaption class=\"wp-element-caption\">(c) Impuls Akademie \/ Christopher Glatzl<\/figcaption><\/figure>\n<\/div>\n<\/div>","protected":false},"excerpt":{"rendered":"<p>Immer wieder brennt es uns so sehr unter den N\u00e4geln, dass wir die n\u00e4chste Impuls Akademie nicht erwarten k\u00f6nnen! Daher gibt es immer wieder Workshops, Vortr\u00e4ge, etc., die wir organisieren.&nbsp; Alle vergangen Veranstaltungen, findest du im Archiv.&nbsp; Hier findest du Infos zu den kommenden Veranstaltungen.&nbsp;<\/p>","protected":false},"author":1,"featured_media":662,"parent":0,"menu_order":0,"comment_status":"closed","ping_status":"closed","template":"","meta":{"_acf_changed":false,"footnotes":""},"class_list":["post-768","page","type-page","status-publish","has-post-thumbnail","hentry"],"acf":[],"_links":{"self":[{"href":"https:\/\/impuls-akademie.org\/en\/wp-json\/wp\/v2\/pages\/768","targetHints":{"allow":["GET"]}}],"collection":[{"href":"https:\/\/impuls-akademie.org\/en\/wp-json\/wp\/v2\/pages"}],"about":[{"href":"https:\/\/impuls-akademie.org\/en\/wp-json\/wp\/v2\/types\/page"}],"author":[{"embeddable":true,"href":"https:\/\/impuls-akademie.org\/en\/wp-json\/wp\/v2\/users\/1"}],"replies":[{"embeddable":true,"href":"https:\/\/impuls-akademie.org\/en\/wp-json\/wp\/v2\/comments?post=768"}],"version-history":[{"count":10,"href":"https:\/\/impuls-akademie.org\/en\/wp-json\/wp\/v2\/pages\/768\/revisions"}],"predecessor-version":[{"id":999,"href":"https:\/\/impuls-akademie.org\/en\/wp-json\/wp\/v2\/pages\/768\/revisions\/999"}],"wp:featuredmedia":[{"embeddable":true,"href":"https:\/\/impuls-akademie.org\/en\/wp-json\/wp\/v2\/media\/662"}],"wp:attachment":[{"href":"https:\/\/impuls-akademie.org\/en\/wp-json\/wp\/v2\/media?parent=768"}],"curies":[{"name":"wp","href":"https:\/\/api.w.org\/{rel}","templated":true}]}}