{"id":663,"date":"2024-12-03T14:35:49","date_gmt":"2024-12-03T14:35:49","guid":{"rendered":"https:\/\/impuls-akademie.org\/?page_id=663"},"modified":"2024-12-03T14:35:49","modified_gmt":"2024-12-03T14:35:49","slug":"spenden","status":"publish","type":"page","link":"https:\/\/impuls-akademie.org\/en\/spenden\/","title":{"rendered":"Donate"},"content":{"rendered":"<div style=\"height:12px\" aria-hidden=\"true\" class=\"wp-block-spacer\"><\/div>\n\n\n\n<div class=\"wp-block-columns is-layout-flex wp-container-core-columns-is-layout-9d6595d7 wp-block-columns-is-layout-flex\">\n<div class=\"wp-block-column is-layout-flow wp-block-column-is-layout-flow\">\n<script src=\"https:\/\/donorbox.org\/widget.js\" paypalExpress=\"true\"><\/script>\n<iframe loading=\"lazy\" src=\"https:\/\/donorbox.org\/embed\/impuls-akademie-2025?language=de\" name=\"donorbox\" allowpaymentrequest=\"allowpaymentrequest\" seamless=\"seamless\" frameborder=\"0\" scrolling=\"no\" height=\"900px\" width=\"100%\" style=\"max-width: 500px; min-width: 250px; max-height:none!important\" allow=\"payment\"><\/iframe>\n<\/div>\n\n\n\n<div class=\"wp-block-column is-layout-flow wp-block-column-is-layout-flow\">\n<p>In addition to larger grants, we rely on donations to make the Impuls Akademie happen. Your contribution can help us keep the participation fees for the academy low, thus breaking down financial barriers.<\/p>\n\n\n\n<p><strong>Why donate for Impuls Akademie?<\/strong><\/p>\n\n\n\n<ul class=\"wp-block-list\">\n<li>Are you an experienced activist but no longer on the \"frontline,\" and would like to support us and our activities through a donation?<\/li>\n\n\n\n<li>Are you an NGO employee whose employer is covering your course fee, but you'd like to personally contribute as well?<\/li>\n\n\n\n<li>Is your child politically active, and you\u2019d like to fund further education for them?<\/li>\n<\/ul>\n<\/div>\n<\/div>\n\n\n\n<p><strong>Or do you simply find the Impuls Academy to be an important project?<br>Then we would be delighted to receive your donation. Every contribution helps!<\/strong><\/p>\n\n\n\n<div class=\"wp-block-columns is-layout-flex wp-container-core-columns-is-layout-9d6595d7 wp-block-columns-is-layout-flex\">\n<div class=\"wp-block-column is-layout-flow wp-block-column-is-layout-flow\" style=\"flex-basis:33.33%\">\n<figure class=\"wp-block-image size-large\"><img loading=\"lazy\" decoding=\"async\" width=\"1024\" height=\"1024\" src=\"https:\/\/impuls-akademie.org\/wp-content\/uploads\/2024\/10\/ringe-farbe-1024x1024.png\" alt=\"\" class=\"wp-image-301\" srcset=\"https:\/\/impuls-akademie.org\/wp-content\/uploads\/2024\/10\/ringe-farbe-1024x1024.png 1024w, https:\/\/impuls-akademie.org\/wp-content\/uploads\/2024\/10\/ringe-farbe-300x300.png 300w, https:\/\/impuls-akademie.org\/wp-content\/uploads\/2024\/10\/ringe-farbe-150x150.png 150w, https:\/\/impuls-akademie.org\/wp-content\/uploads\/2024\/10\/ringe-farbe-768x768.png 768w, https:\/\/impuls-akademie.org\/wp-content\/uploads\/2024\/10\/ringe-farbe.png 1080w, https:\/\/impuls-akademie.org\/wp-content\/uploads\/2024\/10\/ringe-farbe-12x12.png 12w, https:\/\/impuls-akademie.org\/wp-content\/uploads\/2024\/10\/ringe-farbe-800x800.png 800w\" sizes=\"auto, (max-width: 1024px) 100vw, 1024px\" \/><\/figure>\n<\/div>\n\n\n\n<div class=\"wp-block-column is-layout-flow wp-block-column-is-layout-flow\" style=\"flex-basis:66.66%\">\n<p><br>If you want to save on transaction fees, you can also transfer us money diectly to our bank account: <\/p>\n\n\n\n<p><strong>Account<\/strong>: radius \u2013 Verein<br><strong>IBAN<\/strong>: AT083412900008949281<br><strong>BIC<\/strong>: RZOOAT2L129&nbsp;<br><strong>Reference<\/strong>: Impuls Akademie<\/p>\n<\/div>\n<\/div>","protected":false},"excerpt":{"rendered":"<p>Neben gr\u00f6\u00dferen F\u00f6rderungen sind wir auf viele viele kleine Spenden angewiesen. Durch einen Beitrag erm\u00f6glichst du es uns, die Teilnahmebeitr\u00e4ge f\u00fcr die Impuls Akademie gering zu halten und so finanzielle Barrieren abzubauen. Warum solltest du f\u00fcr die Impuls Akademie spenden? Oder du findest einfach, dass die Impuls Akademie ein wichtiges Projekt ist?Dann freuen wir uns [&hellip;]<\/p>\n","protected":false},"author":1,"featured_media":662,"parent":0,"menu_order":0,"comment_status":"closed","ping_status":"closed","template":"","meta":{"_acf_changed":false,"footnotes":""},"class_list":["post-663","page","type-page","status-publish","has-post-thumbnail","hentry"],"acf":[],"_links":{"self":[{"href":"https:\/\/impuls-akademie.org\/en\/wp-json\/wp\/v2\/pages\/663","targetHints":{"allow":["GET"]}}],"collection":[{"href":"https:\/\/impuls-akademie.org\/en\/wp-json\/wp\/v2\/pages"}],"about":[{"href":"https:\/\/impuls-akademie.org\/en\/wp-json\/wp\/v2\/types\/page"}],"author":[{"embeddable":true,"href":"https:\/\/impuls-akademie.org\/en\/wp-json\/wp\/v2\/users\/1"}],"replies":[{"embeddable":true,"href":"https:\/\/impuls-akademie.org\/en\/wp-json\/wp\/v2\/comments?post=663"}],"version-history":[{"count":2,"href":"https:\/\/impuls-akademie.org\/en\/wp-json\/wp\/v2\/pages\/663\/revisions"}],"predecessor-version":[{"id":669,"href":"https:\/\/impuls-akademie.org\/en\/wp-json\/wp\/v2\/pages\/663\/revisions\/669"}],"wp:featuredmedia":[{"embeddable":true,"href":"https:\/\/impuls-akademie.org\/en\/wp-json\/wp\/v2\/media\/662"}],"wp:attachment":[{"href":"https:\/\/impuls-akademie.org\/en\/wp-json\/wp\/v2\/media?parent=663"}],"curies":[{"name":"wp","href":"https:\/\/api.w.org\/{rel}","templated":true}]}}