{"id":18,"date":"2024-09-30T11:54:08","date_gmt":"2024-09-30T11:54:08","guid":{"rendered":"https:\/\/impuls-akademie.org\/?page_id=18"},"modified":"2024-11-30T10:37:18","modified_gmt":"2024-11-30T10:37:18","slug":"datenschutz","status":"publish","type":"page","link":"https:\/\/impuls-akademie.org\/en\/datenschutz\/","title":{"rendered":"Datenschutzerkl\u00e4rung"},"content":{"rendered":"<p>Der Schutz Ihrer pers\u00f6nlichen Daten ist uns wichtig. Wir verarbeiten Ihre Daten auf Grundlage der geltenden gesetzlichen Bestimmungen (EU Datenschutz-Grundverordnung DSGVO, TKG 2003). In diesen Datenschutzinformationen informieren wir Sie \u00fcber die wichtigsten Aspekte der Datenverarbeitung im Rahmen unserer Website.<\/p>\n\n\n\n<p>Die Nutzung unserer Webseite ist in der Regel ohne die Angabe personenbezogener Daten m\u00f6glich. Sollten Sie, z.B. zum Zwecke der Kontaktaufnahme pers\u00f6nliche Daten eingeben, geben wir die notwendigen Informationen an Firmen weiter, die in unserem Auftrag Daten verarbeiten (z.B. unser Email und Cloud Anbieter). Wir beauftragen ausschlie\u00dflich Firmen, die sich der EU Datenschutz-Grundverordnung unterwerfen.<\/p>\n\n\n\n<h2 class=\"wp-block-heading\">Server Protokolle<\/h2>\n\n\n\n<p>Der Server, von dem diese Webseite bereitgestellt wird, speichert Informationen die von Ihrem Browser automatisch an uns \u00fcbermittelt werden, in sogenannten Log-Files. Diese Daten werden nach 2 Monaten automatisch gel\u00f6scht. Sie beinhalten folgende Informationen:<\/p>\n\n\n\n<ul class=\"wp-block-list\">\n<li>Browsertyp und Browserversion<\/li>\n\n\n\n<li>Verwendetes Betriebssystem<\/li>\n\n\n\n<li>Referrer URL (also die Seite, von der Sie zu uns gekommen sind)<\/li>\n\n\n\n<li>Die IP Adresse des zugreifenden Computers<\/li>\n\n\n\n<li>Uhrzeit der Anfrage<\/li>\n<\/ul>\n\n\n\n<p>Diese Daten dienen der technischen \u00dcberwachung des Webservers und f\u00fcr statistische Auswertungen der Nutzung. Sie werden nicht mit anderen Datenquellen verbunden, so dass sie sich nicht einzelnen Personen zuordnen lassen.<\/p>\n\n\n\n<h2 class=\"wp-block-heading\">Verschl\u00fcsselte \u00dcbertragung<\/h2>\n\n\n\n<p>Diese Webseite nutzt aus Gr\u00fcnden der Sicherheit und des Datenschutzes eine SSL Verschl\u00fcsselung, die verhindert, dass Dritte die von Ihnen eingegebenen Daten auf dem \u00dcbertragungsweg abfangen und lesen k\u00f6nnen. Sie erkennen die aktive Verschl\u00fcsselung an dem gr\u00fcnen Vorh\u00e4ngeschloss oder \u00e4hnlichen Symbolen in der Adresszeile Ihres Browsers.<\/p>\n\n\n\n<h2 class=\"wp-block-heading\">Kontaktformular<\/h2>\n\n\n\n<p>Wenn Sie per Formular auf der Website oder per E-Mail Kontakt mit uns aufnehmen, werden Ihre angegebenen Daten (Name und E-Mail-Adresse) zwecks Bearbeitung der Anfrage und f\u00fcr den Fall von Anschlussfragen ein Jahr bei uns gespeichert. Diese Daten geben wir nicht ohne Ihre Einwilligung weiter.<\/p>\n\n\n\n<h2 class=\"wp-block-heading\">Ihre Rechte<\/h2>\n\n\n\n<p>Ihnen stehen grunds\u00e4tzlich die Rechte auf Auskunft, Berichtigung, L\u00f6schung, Einschr\u00e4nkung, Daten\u00fcbertragbarkeit, Widerruf und Widerspruch zu. Wenn Sie glauben, dass die Verarbeitung Ihrer Daten gegen das Datenschutzrecht verst\u00f6\u00dft oder Ihre datenschutzrechtlichen Anspr\u00fcche sonst in einer Weise verletzt worden sind, k\u00f6nnen Sie sich bei der Aufsichtsbeh\u00f6rde beschweren. In \u00d6sterreich ist dies die Datenschutzbeh\u00f6rde.<\/p>\n\n\n\n<h2 class=\"wp-block-heading\">So k\u00f6nnen Sie uns erreichen<\/h2>\n\n\n\n<p>Verein Radius<br>W\u00e4hringer Stra\u00dfe 135\/10, 1180 Wien<br>ZVR Nummer: 1784796423<br>Email:&nbsp;<a href=\"mailto:info@radius.co.at\">info@radius.co.at<\/a><\/p>","protected":false},"excerpt":{"rendered":"<p>Der Schutz Ihrer pers\u00f6nlichen Daten ist uns wichtig. Wir verarbeiten Ihre Daten auf Grundlage der geltenden gesetzlichen Bestimmungen (EU Datenschutz-Grundverordnung DSGVO, TKG 2003). In diesen Datenschutzinformationen informieren wir Sie \u00fcber die wichtigsten Aspekte der Datenverarbeitung im Rahmen unserer Website. Die Nutzung unserer Webseite ist in der Regel ohne die Angabe personenbezogener Daten m\u00f6glich. Sollten Sie, [&hellip;]<\/p>\n","protected":false},"author":1,"featured_media":402,"parent":0,"menu_order":0,"comment_status":"closed","ping_status":"closed","template":"","meta":{"_acf_changed":false,"footnotes":""},"class_list":["post-18","page","type-page","status-publish","has-post-thumbnail","hentry"],"acf":[],"_links":{"self":[{"href":"https:\/\/impuls-akademie.org\/en\/wp-json\/wp\/v2\/pages\/18","targetHints":{"allow":["GET"]}}],"collection":[{"href":"https:\/\/impuls-akademie.org\/en\/wp-json\/wp\/v2\/pages"}],"about":[{"href":"https:\/\/impuls-akademie.org\/en\/wp-json\/wp\/v2\/types\/page"}],"author":[{"embeddable":true,"href":"https:\/\/impuls-akademie.org\/en\/wp-json\/wp\/v2\/users\/1"}],"replies":[{"embeddable":true,"href":"https:\/\/impuls-akademie.org\/en\/wp-json\/wp\/v2\/comments?post=18"}],"version-history":[{"count":1,"href":"https:\/\/impuls-akademie.org\/en\/wp-json\/wp\/v2\/pages\/18\/revisions"}],"predecessor-version":[{"id":19,"href":"https:\/\/impuls-akademie.org\/en\/wp-json\/wp\/v2\/pages\/18\/revisions\/19"}],"wp:featuredmedia":[{"embeddable":true,"href":"https:\/\/impuls-akademie.org\/en\/wp-json\/wp\/v2\/media\/402"}],"wp:attachment":[{"href":"https:\/\/impuls-akademie.org\/en\/wp-json\/wp\/v2\/media?parent=18"}],"curies":[{"name":"wp","href":"https:\/\/api.w.org\/{rel}","templated":true}]}}